{"id":18,"date":"2023-05-18T23:08:28","date_gmt":"2023-05-18T23:08:28","guid":{"rendered":"https:\/\/joliflair.com\/?page_id=18"},"modified":"2025-10-21T07:51:59","modified_gmt":"2025-10-21T07:51:59","slug":"gioi-thieu","status":"publish","type":"page","link":"https:\/\/joliflair.com\/en\/gioi-thieu\/","title":{"rendered":"About Us"},"content":{"rendered":"<div data-elementor-type=\"wp-page\" data-elementor-id=\"18\" class=\"elementor elementor-18\" data-elementor-post-type=\"page\">\n\t\t\t\t\t\t<section class=\"elementor-section elementor-top-section elementor-element elementor-element-d134e87 elementor-section-boxed elementor-section-height-default elementor-section-height-default\" data-id=\"d134e87\" data-element_type=\"section\">\n\t\t\t\t\t\t<div class=\"elementor-container elementor-column-gap-default\">\n\t\t\t\t\t<div class=\"elementor-column elementor-col-100 elementor-top-column elementor-element elementor-element-22ae93a\" data-id=\"22ae93a\" data-element_type=\"column\">\n\t\t\t<div class=\"elementor-widget-wrap elementor-element-populated\">\n\t\t\t\t\t\t<div class=\"elementor-element elementor-element-0901c05 elementor-widget elementor-widget-spacer\" data-id=\"0901c05\" data-element_type=\"widget\" data-widget_type=\"spacer.default\">\n\t\t\t\t<div class=\"elementor-widget-container\">\n\t\t\t\t\t\t\t<div class=\"elementor-spacer\">\n\t\t\t<div class=\"elementor-spacer-inner\"><\/div>\n\t\t<\/div>\n\t\t\t\t\t\t<\/div>\n\t\t\t\t<\/div>\n\t\t\t\t\t<\/div>\n\t\t<\/div>\n\t\t\t\t\t<\/div>\n\t\t<\/section>\n\t\t\t\t<section class=\"elementor-section elementor-top-section elementor-element elementor-element-7486d15 elementor-section-boxed elementor-section-height-default elementor-section-height-default\" data-id=\"7486d15\" data-element_type=\"section\">\n\t\t\t\t\t\t<div class=\"elementor-container elementor-column-gap-default\">\n\t\t\t\t\t<div class=\"elementor-column elementor-col-100 elementor-top-column elementor-element elementor-element-e257d8e\" data-id=\"e257d8e\" data-element_type=\"column\">\n\t\t\t<div class=\"elementor-widget-wrap elementor-element-populated\">\n\t\t\t\t\t\t<div class=\"elementor-element elementor-element-ac32e8b animated-slow elementor-invisible elementor-widget elementor-widget-text-editor\" data-id=\"ac32e8b\" data-element_type=\"widget\" data-settings=\"{&quot;_animation&quot;:&quot;fadeInUp&quot;}\" data-widget_type=\"text-editor.default\">\n\t\t\t\t<div class=\"elementor-widget-container\">\n\t\t\t\t\t\t\t\t\t<p>about joliflair<\/p>\t\t\t\t\t\t\t\t<\/div>\n\t\t\t\t<\/div>\n\t\t\t\t\t<\/div>\n\t\t<\/div>\n\t\t\t\t\t<\/div>\n\t\t<\/section>\n\t\t\t\t<section class=\"elementor-section elementor-top-section elementor-element elementor-element-aeddb82 elementor-section-boxed elementor-section-height-default elementor-section-height-default\" data-id=\"aeddb82\" data-element_type=\"section\">\n\t\t\t\t\t\t<div class=\"elementor-container elementor-column-gap-default\">\n\t\t\t\t\t<div class=\"elementor-column elementor-col-100 elementor-top-column elementor-element elementor-element-b8ba538\" data-id=\"b8ba538\" data-element_type=\"column\">\n\t\t\t<div class=\"elementor-widget-wrap elementor-element-populated\">\n\t\t\t\t\t\t<div class=\"elementor-element elementor-element-c979ebb elementor-widget elementor-widget-spacer\" data-id=\"c979ebb\" data-element_type=\"widget\" data-widget_type=\"spacer.default\">\n\t\t\t\t<div class=\"elementor-widget-container\">\n\t\t\t\t\t\t\t<div class=\"elementor-spacer\">\n\t\t\t<div class=\"elementor-spacer-inner\"><\/div>\n\t\t<\/div>\n\t\t\t\t\t\t<\/div>\n\t\t\t\t<\/div>\n\t\t\t\t\t<\/div>\n\t\t<\/div>\n\t\t\t\t\t<\/div>\n\t\t<\/section>\n\t\t\t\t<section class=\"elementor-section elementor-top-section elementor-element elementor-element-93de705 elementor-section-boxed elementor-section-height-default elementor-section-height-default\" data-id=\"93de705\" data-element_type=\"section\">\n\t\t\t\t\t\t<div class=\"elementor-container elementor-column-gap-no\">\n\t\t\t\t\t<div class=\"elementor-column elementor-col-100 elementor-top-column elementor-element elementor-element-4ad137b\" data-id=\"4ad137b\" data-element_type=\"column\">\n\t\t\t<div class=\"elementor-widget-wrap elementor-element-populated\">\n\t\t\t\t\t\t<div class=\"elementor-element elementor-element-ef750a8 elementor-widget elementor-widget-image\" data-id=\"ef750a8\" data-element_type=\"widget\" data-widget_type=\"image.default\">\n\t\t\t\t<div class=\"elementor-widget-container\">\n\t\t\t\t\t\t\t\t\t\t\t\t\t\t\t<img fetchpriority=\"high\" decoding=\"async\" width=\"1920\" height=\"1080\" src=\"https:\/\/joliflair.com\/wp-content\/uploads\/2023\/06\/Untitled-design-2023-06-24T071823.487.jpg\" class=\"attachment-full size-full wp-image-787\" alt=\"\" srcset=\"https:\/\/joliflair.com\/wp-content\/uploads\/2023\/06\/Untitled-design-2023-06-24T071823.487.jpg 1920w, https:\/\/joliflair.com\/wp-content\/uploads\/2023\/06\/Untitled-design-2023-06-24T071823.487-300x169.jpg 300w, https:\/\/joliflair.com\/wp-content\/uploads\/2023\/06\/Untitled-design-2023-06-24T071823.487-1024x576.jpg 1024w, https:\/\/joliflair.com\/wp-content\/uploads\/2023\/06\/Untitled-design-2023-06-24T071823.487-768x432.jpg 768w, https:\/\/joliflair.com\/wp-content\/uploads\/2023\/06\/Untitled-design-2023-06-24T071823.487-1536x864.jpg 1536w, https:\/\/joliflair.com\/wp-content\/uploads\/2023\/06\/Untitled-design-2023-06-24T071823.487-18x10.jpg 18w, https:\/\/joliflair.com\/wp-content\/uploads\/2023\/06\/Untitled-design-2023-06-24T071823.487-600x338.jpg 600w\" sizes=\"(max-width: 1920px) 100vw, 1920px\" \/>\t\t\t\t\t\t\t\t\t\t\t\t\t\t\t<\/div>\n\t\t\t\t<\/div>\n\t\t\t\t<div class=\"elementor-element elementor-element-762cf7b elementor-drop-cap-yes elementor-drop-cap-view-default elementor-widget elementor-widget-text-editor\" data-id=\"762cf7b\" data-element_type=\"widget\" data-settings=\"{&quot;drop_cap&quot;:&quot;yes&quot;}\" data-widget_type=\"text-editor.default\">\n\t\t\t\t<div class=\"elementor-widget-container\">\n\t\t\t\t\t\t\t\t\t<p>JOLIFLAIR l\u00e0 th\u01b0\u01a1ng hi\u1ec7u n\u01b0\u1edbc hoa chu\u1ea9n Ph\u00e1p, frenchline, \u0111\u01b0\u1ee3c th\u00e0nh l\u1eadp b\u1edfi nh\u1eefng chuy\u00ean gia \u0111\u1ebfn t\u1eeb Ph\u00e1p c\u00f3 kinh nghi\u1ec7m l\u00e2u n\u0103m trong l\u0129nh v\u1ef1c ch\u1ebf bi\u1ebfn n\u01b0\u1edbc hoa. \u0110\u01b0\u1ee3c \u0111\u00e0o t\u1ea1o b\u00e0i b\u1ea3n v\u00e0 l\u00e0m vi\u1ec7c trong ng\u00e0nh c\u00f4ng nghi\u1ec7p n\u01b0\u1edbc hoa, nh\u1eefng chuy\u00ean gia n\u00e0y mang \u0111\u1ebfn s\u1ef1 chuy\u00ean nghi\u1ec7p v\u00e0 tinh hoa c\u1ee7a ngh\u1ec7 thu\u1eadt \u0111i\u1ec1u ch\u1ebf n\u01b0\u1edbc hoa Ph\u00e1p.<\/p><p>M\u1ed9t trong nh\u1eefng \u0111\u1eb7c \u0111i\u1ec3m n\u1ed5i b\u1eadt c\u1ee7a th\u01b0\u01a1ng hi\u1ec7u JOLIFLAIR l\u00e0 th\u00e0nh ph\u1ea7n chi\u1ebft xu\u1ea5t t\u1eeb thi\u00ean nhi\u00ean ho\u00e0n to\u00e0n. T\u1ea5t c\u1ea3 c\u00e1c th\u00e0nh ph\u1ea7n \u0111\u01b0\u1ee3c s\u1eed d\u1ee5ng \u0111\u1ec3 t\u1ea1o ra n\u01b0\u1edbc hoa \u0111\u1ec1u l\u00e0 100% h\u1eefu c\u01a1. \u0110i\u1ec1u n\u00e0y \u0111\u1ea3m b\u1ea3o r\u1eb1ng n\u01b0\u1edbc hoa JOLIFLAIR kh\u00f4ng ch\u1ec9 mang l\u1ea1i m\u00f9i h\u01b0\u01a1ng tuy\u1ec7t v\u1eddi m\u00e0 c\u00f2n l\u00e0 s\u1ef1 k\u1ebft h\u1ee3p ho\u00e0n h\u1ea3o gi\u1eefa t\u1ef1 nhi\u00ean v\u00e0 s\u1ef1 tinh t\u1ebf.<\/p><p>N\u01b0\u1edbc hoa JOLIFLAIR mang theo th\u00f4ng \u0111i\u1ec7p: &#8220;be frenchline, yourself, be your parfum&#8221; (h\u00e3y l\u00e0 ch\u00ednh b\u1ea1n, h\u00e3y l\u00e0 n\u01b0\u1edbc hoa c\u1ee7a b\u1ea1n), th\u1ec3 hi\u1ec7n s\u1ef1 t\u00f4n tr\u1ecdng v\u00e0 khuy\u1ebfn kh\u00edch m\u1ed7i ng\u01b0\u1eddi t\u1ef1 tin trong b\u1ea3n th\u00e2n v\u00e0 t\u00ecm ra gi\u00e1 tr\u1ecb con ng\u01b0\u1eddi c\u1ee7a ch\u00ednh m\u00ecnh. Gi\u1ed1ng nh\u01b0 m\u00f9i h\u01b0\u01a1ng c\u1ee7a n\u01b0\u1edbc hoa, khi b\u1ea1n s\u1eed d\u1ee5ng n\u01b0\u1edbc hoa JOLIFLAIR, n\u00f3 tr\u1edf th\u00e0nh m\u1ed9t ph\u1ea7n c\u1ee7a b\u1ea1n, t\u00f4n vinh c\u00e1i t\u00f4i v\u00e0 n\u00e9t \u0111\u1ed9c \u0111\u00e1o c\u1ee7a b\u1ea1n.<\/p><p>T\u00ean &#8220;Joliflair&#8221; l\u00e0 m\u1ed9t t\u1eeb gh\u00e9p v\u00e0 ch\u01a1i ch\u1eef c\u1ee7a hai kh\u00e1i ni\u1ec7m: &#8220;v\u1ebb \u0111\u1eb9p ti\u1ec1m \u1ea9n&#8221; v\u00e0 &#8220;v\u1ebb \u0111\u1eb9p thu\u1ea7n thi\u1ebft&#8221;. Th\u01b0\u01a1ng hi\u1ec7u t\u1ea1o ra m\u1ed9t s\u1ef1 k\u1ebft h\u1ee3p \u0111\u1ed9c \u0111\u00e1o c\u1ee7a nh\u1eefng y\u1ebfu t\u1ed1 n\u00e0y, mang \u0111\u1ebfn m\u1ed9t s\u1ef1 \u0111\u1ed9c nh\u1ea5t v\u00f4 nh\u1ecb v\u00e0 c\u00f3 n\u00e9t ri\u00eang bi\u1ec7t. T\u1eeb &#8220;Joliflair&#8221; kh\u00f4ng ch\u1ec9 \u0111\u1ea1i di\u1ec7n cho ch\u1ea5t l\u01b0\u1ee3ng n\u01b0\u1edbc hoa Ph\u00e1p m\u00e0 c\u00f2n t\u00f4n vinh s\u1ef1 kh\u00e1c bi\u1ec7t v\u00e0 s\u1ef1 \u0111\u1ed9c \u0111\u00e1o c\u1ee7a m\u1ed7i ng\u01b0\u1eddi.<\/p>\t\t\t\t\t\t\t\t<\/div>\n\t\t\t\t<\/div>\n\t\t\t\t\t<\/div>\n\t\t<\/div>\n\t\t\t\t\t<\/div>\n\t\t<\/section>\n\t\t\t\t<section class=\"elementor-section elementor-top-section elementor-element elementor-element-cb87277 elementor-section-boxed elementor-section-height-default elementor-section-height-default\" data-id=\"cb87277\" data-element_type=\"section\">\n\t\t\t\t\t\t<div class=\"elementor-container elementor-column-gap-default\">\n\t\t\t\t\t<div class=\"elementor-column elementor-col-100 elementor-top-column elementor-element elementor-element-267e563\" data-id=\"267e563\" data-element_type=\"column\">\n\t\t\t<div class=\"elementor-widget-wrap elementor-element-populated\">\n\t\t\t\t\t\t<div class=\"elementor-element elementor-element-7a324ab elementor-widget elementor-widget-spacer\" data-id=\"7a324ab\" data-element_type=\"widget\" data-widget_type=\"spacer.default\">\n\t\t\t\t<div class=\"elementor-widget-container\">\n\t\t\t\t\t\t\t<div class=\"elementor-spacer\">\n\t\t\t<div class=\"elementor-spacer-inner\"><\/div>\n\t\t<\/div>\n\t\t\t\t\t\t<\/div>\n\t\t\t\t<\/div>\n\t\t\t\t\t<\/div>\n\t\t<\/div>\n\t\t\t\t\t<\/div>\n\t\t<\/section>\n\t\t\t\t<section class=\"elementor-section elementor-top-section elementor-element elementor-element-bfefb9a elementor-section-boxed elementor-section-height-default elementor-section-height-default\" data-id=\"bfefb9a\" data-element_type=\"section\">\n\t\t\t\t\t\t<div class=\"elementor-container elementor-column-gap-no\">\n\t\t\t\t\t<div class=\"elementor-column elementor-col-100 elementor-top-column elementor-element elementor-element-263cc3b\" data-id=\"263cc3b\" data-element_type=\"column\">\n\t\t\t<div class=\"elementor-widget-wrap elementor-element-populated\">\n\t\t\t\t\t\t<div class=\"elementor-element elementor-element-dbd2079 elementor-widget elementor-widget-text-editor\" data-id=\"dbd2079\" data-element_type=\"widget\" data-widget_type=\"text-editor.default\">\n\t\t\t\t<div class=\"elementor-widget-container\">\n\t\t\t\t\t\t\t\t\t<p>\u00dd NGH\u0128A SLOGAN<\/p>\t\t\t\t\t\t\t\t<\/div>\n\t\t\t\t<\/div>\n\t\t\t\t<div class=\"elementor-element elementor-element-c484086 elementor-drop-cap-yes elementor-drop-cap-view-default elementor-widget elementor-widget-text-editor\" data-id=\"c484086\" data-element_type=\"widget\" data-settings=\"{&quot;drop_cap&quot;:&quot;yes&quot;}\" data-widget_type=\"text-editor.default\">\n\t\t\t\t<div class=\"elementor-widget-container\">\n\t\t\t\t\t\t\t\t\t<p>Slogan c\u1ee7a th\u01b0\u01a1ng hi\u1ec7u n\u01b0\u1edbc hoa Joliflair &#8211; &#8220;be yourself, be your parfum&#8221; (h\u00e3y l\u00e0 ch\u00ednh b\u1ea1n, h\u00e3y l\u00e0 n\u01b0\u1edbc hoa c\u1ee7a b\u1ea1n) &#8211; mang trong \u0111\u00f3 m\u1ed9t th\u00f4ng \u0111i\u1ec7p m\u1ea1nh m\u1ebd v\u00e0 s\u00e2u s\u1eafc v\u1ec1 vi\u1ec7c kh\u00e1m ph\u00e1 gi\u00e1 tr\u1ecb con ng\u01b0\u1eddi c\u1ee7a ch\u00ednh m\u00ecnh v\u00e0 t\u00ecm l\u1ea1i b\u1ea3n s\u1eafc c\u00e1 nh\u00e2n.<\/p><p>N\u01b0\u1edbc hoa kh\u00f4ng ch\u1ec9 l\u00e0 m\u1ed9t lo\u1ea1i h\u01b0\u01a1ng th\u01a1m m\u00e0 c\u00f2n l\u00e0 m\u1ed9t ph\u1ea7n c\u1ee7a c\u00e1 nh\u00e2n, n\u00f3 mang l\u1ea1i s\u1ef1 t\u1ef1 tin v\u00e0 th\u1ec3 hi\u1ec7n c\u00e1i t\u00f4i c\u1ee7a m\u1ed7i ng\u01b0\u1eddi. Khi b\u1ea1n x\u1ecbt n\u01b0\u1edbc hoa l\u00ean c\u01a1 th\u1ec3, m\u00f9i h\u01b0\u01a1ng \u0111\u00f3 tr\u1edf th\u00e0nh m\u1ed9t ph\u1ea7n c\u1ee7a b\u1ea1n, t\u01b0\u01a1ng t\u1ef1 nh\u01b0 c\u00e1ch b\u1ea1n th\u1ec3 hi\u1ec7n c\u00e1i t\u00f4i v\u00e0 c\u00e1i n\u00e9t ri\u00eang bi\u1ec7t c\u1ee7a m\u00ecnh.<\/p><p>Qua vi\u1ec7c tr\u1ea3i nghi\u1ec7m n\u01b0\u1edbc hoa, Joliflair khuy\u1ebfn kh\u00edch m\u1ed7i ng\u01b0\u1eddi t\u1ef1 tin trong vi\u1ec7c kh\u00e1m ph\u00e1 v\u00e0 tr\u00e2n tr\u1ecdng gi\u00e1 tr\u1ecb con ng\u01b0\u1eddi c\u1ee7a ch\u00ednh m\u00ecnh. \u0110\u00f3 l\u00e0 l\u1eddi nh\u1eafc nh\u1edf r\u1eb1ng, ch\u00fang ta kh\u00f4ng c\u1ea7n ph\u1ea3i \u0111\u1ecbnh h\u00ecnh b\u1ea3n th\u00e2n d\u1ef1a tr\u00ean nh\u1eefng ti\u00eau chu\u1ea9n v\u00e0 \u00fd ki\u1ebfn c\u1ee7a ng\u01b0\u1eddi kh\u00e1c. Thay v\u00e0o \u0111\u00f3, h\u00e3y t\u00ecm hi\u1ec3u v\u00e0 hi\u1ec3u r\u00f5 b\u1ea3n th\u00e2n, t\u00ecm ra nh\u1eefng \u0111i\u1ec3m m\u1ea1nh v\u00e0 \u0111\u1eb7c bi\u1ec7t c\u1ee7a m\u00ecnh, v\u00e0 t\u1eeb \u0111\u00f3 t\u1ecfa s\u00e1ng nh\u01b0 m\u1ed9t m\u00f9i h\u01b0\u01a1ng \u0111\u1ed9c \u0111\u00e1o v\u00e0 ri\u00eang bi\u1ec7t.<\/p>\t\t\t\t\t\t\t\t<\/div>\n\t\t\t\t<\/div>\n\t\t\t\t\t<\/div>\n\t\t<\/div>\n\t\t\t\t\t<\/div>\n\t\t<\/section>\n\t\t\t\t<section class=\"elementor-section elementor-top-section elementor-element elementor-element-1c5af57 elementor-section-boxed elementor-section-height-default elementor-section-height-default\" data-id=\"1c5af57\" data-element_type=\"section\">\n\t\t\t\t\t\t<div class=\"elementor-container elementor-column-gap-default\">\n\t\t\t\t\t<div class=\"elementor-column elementor-col-100 elementor-top-column elementor-element elementor-element-269e62b\" data-id=\"269e62b\" data-element_type=\"column\">\n\t\t\t<div class=\"elementor-widget-wrap elementor-element-populated\">\n\t\t\t\t\t\t<div class=\"elementor-element elementor-element-edf16ba elementor-widget elementor-widget-spacer\" data-id=\"edf16ba\" data-element_type=\"widget\" data-widget_type=\"spacer.default\">\n\t\t\t\t<div class=\"elementor-widget-container\">\n\t\t\t\t\t\t\t<div class=\"elementor-spacer\">\n\t\t\t<div class=\"elementor-spacer-inner\"><\/div>\n\t\t<\/div>\n\t\t\t\t\t\t<\/div>\n\t\t\t\t<\/div>\n\t\t\t\t\t<\/div>\n\t\t<\/div>\n\t\t\t\t\t<\/div>\n\t\t<\/section>\n\t\t\t\t<section class=\"elementor-section elementor-top-section elementor-element elementor-element-c05b3b7 elementor-section-content-middle elementor-section-full_width elementor-section-height-default elementor-section-height-default\" data-id=\"c05b3b7\" data-element_type=\"section\">\n\t\t\t\t\t\t<div class=\"elementor-container elementor-column-gap-no\">\n\t\t\t\t\t<div class=\"elementor-column elementor-col-50 elementor-top-column elementor-element elementor-element-cf93e90\" data-id=\"cf93e90\" data-element_type=\"column\">\n\t\t\t<div class=\"elementor-widget-wrap elementor-element-populated\">\n\t\t\t\t\t\t<div class=\"elementor-element elementor-element-ae5e812 elementor-widget elementor-widget-image\" data-id=\"ae5e812\" data-element_type=\"widget\" data-widget_type=\"image.default\">\n\t\t\t\t<div class=\"elementor-widget-container\">\n\t\t\t\t\t\t\t\t\t\t\t\t\t\t\t<img decoding=\"async\" width=\"1500\" height=\"1500\" src=\"https:\/\/joliflair.com\/wp-content\/uploads\/2023\/08\/Untitled-design-2023-08-18T061233.643.jpg\" class=\"attachment-full size-full wp-image-1471\" alt=\"\" srcset=\"https:\/\/joliflair.com\/wp-content\/uploads\/2023\/08\/Untitled-design-2023-08-18T061233.643.jpg 1500w, https:\/\/joliflair.com\/wp-content\/uploads\/2023\/08\/Untitled-design-2023-08-18T061233.643-300x300.jpg 300w, https:\/\/joliflair.com\/wp-content\/uploads\/2023\/08\/Untitled-design-2023-08-18T061233.643-1024x1024.jpg 1024w, https:\/\/joliflair.com\/wp-content\/uploads\/2023\/08\/Untitled-design-2023-08-18T061233.643-150x150.jpg 150w, https:\/\/joliflair.com\/wp-content\/uploads\/2023\/08\/Untitled-design-2023-08-18T061233.643-768x768.jpg 768w, https:\/\/joliflair.com\/wp-content\/uploads\/2023\/08\/Untitled-design-2023-08-18T061233.643-12x12.jpg 12w, https:\/\/joliflair.com\/wp-content\/uploads\/2023\/08\/Untitled-design-2023-08-18T061233.643-600x600.jpg 600w, https:\/\/joliflair.com\/wp-content\/uploads\/2023\/08\/Untitled-design-2023-08-18T061233.643-100x100.jpg 100w\" sizes=\"(max-width: 1500px) 100vw, 1500px\" \/>\t\t\t\t\t\t\t\t\t\t\t\t\t\t\t<\/div>\n\t\t\t\t<\/div>\n\t\t\t\t\t<\/div>\n\t\t<\/div>\n\t\t\t\t<div class=\"elementor-column elementor-col-50 elementor-top-column elementor-element elementor-element-6f9ea33\" data-id=\"6f9ea33\" data-element_type=\"column\" data-settings=\"{&quot;background_background&quot;:&quot;classic&quot;}\">\n\t\t\t<div class=\"elementor-widget-wrap elementor-element-populated\">\n\t\t\t\t\t\t<div class=\"elementor-element elementor-element-b181b7c elementor-widget elementor-widget-text-editor\" data-id=\"b181b7c\" data-element_type=\"widget\" data-widget_type=\"text-editor.default\">\n\t\t\t\t<div class=\"elementor-widget-container\">\n\t\t\t\t\t\t\t\t\t<p>WORKSHOP<\/p>\t\t\t\t\t\t\t\t<\/div>\n\t\t\t\t<\/div>\n\t\t\t\t<div class=\"elementor-element elementor-element-df95f40 elementor-widget elementor-widget-text-editor\" data-id=\"df95f40\" data-element_type=\"widget\" data-widget_type=\"text-editor.default\">\n\t\t\t\t<div class=\"elementor-widget-container\">\n\t\t\t\t\t\t\t\t\t<p>JOLIFLAIR kh\u00f4ng ch\u1ec9 l\u00e0 m\u1ed9t th\u01b0\u01a1ng hi\u1ec7u n\u01b0\u1edbc hoa \u0111\u1ed9c \u0111\u00e1o m\u00e0 c\u00f2n l\u00e0 m\u1ed9t t\u1ed5 ch\u1ee9c t\u1eadn t\u00e2m \u0111\u1ebfn vi\u1ec7c chia s\u1ebb ki\u1ebfn th\u1ee9c v\u00e0 t\u1ea1o ra m\u1ed9t c\u1ed9ng \u0111\u1ed3ng y\u00eau n\u01b0\u1edbc hoa s\u00f4i \u0111\u1ed9ng. Th\u01b0\u01a1ng hi\u1ec7u t\u1ed5 ch\u1ee9c c\u00e1c workshop \u0111\u1ea7y s\u00e1ng t\u1ea1o v\u00e0 th\u00fa v\u1ecb, nh\u1eb1m gi\u00fap kh\u00e1ch h\u00e0ng hi\u1ec3u r\u00f5 h\u01a1n v\u1ec1 ngh\u1ec7 thu\u1eadt ch\u1ebf t\u1ea1o n\u01b0\u1edbc hoa c\u1ee7a Ph\u00e1p v\u00e0 kh\u00e1m ph\u00e1 th\u1ebf gi\u1edbi m\u00f9i h\u01b0\u01a1ng.<\/p>\t\t\t\t\t\t\t\t<\/div>\n\t\t\t\t<\/div>\n\t\t\t\t<div class=\"elementor-element elementor-element-442e365 elementor-align-center elementor-widget elementor-widget-button\" data-id=\"442e365\" data-element_type=\"widget\" data-widget_type=\"button.default\">\n\t\t\t\t<div class=\"elementor-widget-container\">\n\t\t\t\t\t\t\t\t\t<div class=\"elementor-button-wrapper\">\n\t\t\t\t\t<a class=\"elementor-button elementor-button-link elementor-size-sm\" href=\"https:\/\/joliflair.com\/en\/workshop\/\">\n\t\t\t\t\t\t<span class=\"elementor-button-content-wrapper\">\n\t\t\t\t\t\t\t\t\t<span class=\"elementor-button-text\">LEARN MORE<\/span>\n\t\t\t\t\t<\/span>\n\t\t\t\t\t<\/a>\n\t\t\t\t<\/div>\n\t\t\t\t\t\t\t\t<\/div>\n\t\t\t\t<\/div>\n\t\t\t\t\t<\/div>\n\t\t<\/div>\n\t\t\t\t\t<\/div>\n\t\t<\/section>\n\t\t\t\t<section class=\"elementor-section elementor-top-section elementor-element elementor-element-b5b456b elementor-section-boxed elementor-section-height-default elementor-section-height-default\" data-id=\"b5b456b\" data-element_type=\"section\">\n\t\t\t\t\t\t<div class=\"elementor-container elementor-column-gap-default\">\n\t\t\t\t\t<div class=\"elementor-column elementor-col-100 elementor-top-column elementor-element elementor-element-1847f86\" data-id=\"1847f86\" data-element_type=\"column\">\n\t\t\t<div class=\"elementor-widget-wrap elementor-element-populated\">\n\t\t\t\t\t\t<div class=\"elementor-element elementor-element-6d7c7cd elementor-widget elementor-widget-spacer\" data-id=\"6d7c7cd\" data-element_type=\"widget\" data-widget_type=\"spacer.default\">\n\t\t\t\t<div class=\"elementor-widget-container\">\n\t\t\t\t\t\t\t<div class=\"elementor-spacer\">\n\t\t\t<div class=\"elementor-spacer-inner\"><\/div>\n\t\t<\/div>\n\t\t\t\t\t\t<\/div>\n\t\t\t\t<\/div>\n\t\t\t\t\t<\/div>\n\t\t<\/div>\n\t\t\t\t\t<\/div>\n\t\t<\/section>\n\t\t\t\t<\/div>","protected":false},"excerpt":{"rendered":"<p>v\u1ec1 joliflair JOLIFLAIR l\u00e0 th\u01b0\u01a1ng hi\u1ec7u n\u01b0\u1edbc hoa chu\u1ea9n Ph\u00e1p, frenchline, \u0111\u01b0\u1ee3c th\u00e0nh l\u1eadp b\u1edfi nh\u1eefng chuy\u00ean gia \u0111\u1ebfn t\u1eeb Ph\u00e1p c\u00f3 kinh nghi\u1ec7m l\u00e2u n\u0103m trong l\u0129nh v\u1ef1c ch\u1ebf bi\u1ebfn n\u01b0\u1edbc hoa. \u0110\u01b0\u1ee3c \u0111\u00e0o t\u1ea1o b\u00e0i b\u1ea3n v\u00e0 l\u00e0m vi\u1ec7c trong ng\u00e0nh c\u00f4ng nghi\u1ec7p n\u01b0\u1edbc hoa, nh\u1eefng chuy\u00ean gia n\u00e0y mang \u0111\u1ebfn s\u1ef1 chuy\u00ean&#8230;<\/p>","protected":false},"author":1,"featured_media":0,"parent":0,"menu_order":0,"comment_status":"closed","ping_status":"closed","template":"","meta":{"_kad_post_transparent":"","_kad_post_title":"hide","_kad_post_layout":"fullwidth","_kad_post_sidebar_id":"","_kad_post_content_style":"unboxed","_kad_post_vertical_padding":"hide","_kad_post_feature":"hide","_kad_post_feature_position":"","_kad_post_header":false,"_kad_post_footer":false,"footnotes":""},"class_list":["post-18","page","type-page","status-publish","hentry"],"_links":{"self":[{"href":"https:\/\/joliflair.com\/en\/wp-json\/wp\/v2\/pages\/18","targetHints":{"allow":["GET"]}}],"collection":[{"href":"https:\/\/joliflair.com\/en\/wp-json\/wp\/v2\/pages"}],"about":[{"href":"https:\/\/joliflair.com\/en\/wp-json\/wp\/v2\/types\/page"}],"author":[{"embeddable":true,"href":"https:\/\/joliflair.com\/en\/wp-json\/wp\/v2\/users\/1"}],"replies":[{"embeddable":true,"href":"https:\/\/joliflair.com\/en\/wp-json\/wp\/v2\/comments?post=18"}],"version-history":[{"count":122,"href":"https:\/\/joliflair.com\/en\/wp-json\/wp\/v2\/pages\/18\/revisions"}],"predecessor-version":[{"id":1787,"href":"https:\/\/joliflair.com\/en\/wp-json\/wp\/v2\/pages\/18\/revisions\/1787"}],"wp:attachment":[{"href":"https:\/\/joliflair.com\/en\/wp-json\/wp\/v2\/media?parent=18"}],"curies":[{"name":"wp","href":"https:\/\/api.w.org\/{rel}","templated":true}]}}